{"id":987,"date":"2013-04-03T15:50:15","date_gmt":"2013-04-03T15:50:15","guid":{"rendered":"http:\/\/www.kriesi.at\/themes\/enfold\/?page_id=987"},"modified":"2013-04-03T15:50:15","modified_gmt":"2013-04-03T15:50:15","slug":"portfolio-2-column","status":"publish","type":"page","link":"https:\/\/ubych.pl\/index.php\/projekty\/portfolio-2-column\/","title":{"rendered":"Portfolio 2 Column"},"content":{"rendered":"<section  class='av_textblock_section av-av_textblock-b6887cbce7b7a52df89a4df72cab2706'  itemscope=\"itemscope\" itemtype=\"https:\/\/schema.org\/CreativeWork\" ><div class='avia_textblock'  itemprop=\"text\" ><p>This is an example of a sortable, 2 Column Portfolio.<br \/>\nFor each Portfolio Page you create (any number possible) you can set column count, \u00a0pagination and item count, as well if its sortable or not.<\/p>\n<p>You can add Portfolio Grids to every Page you want or need, with the help of the fantastic and easy to use template builder that is built right into the theme.<\/p>\n<\/div><\/section>\n<div  class='hr av-av_hr-4a566f4a73ae78223e1997276585dc3a hr-short  avia-builder-el-1  el_after_av_textblock  el_before_av_portfolio  avia-builder-el-last  hr-center'><span class='hr-inner '><span class=\"hr-inner-style\"><\/span><\/span><\/div>\n<div class='flex_column av-av_one_full-2a9015ff38129c418a3f2eafba3e9512 av_one_full first flex_column_div '     ><div  id=\"av-sc-portfolio-1\"  class=\"av-portfolio-grid-sorting-container\"><div class='sort_width_container  av-sort-yes' data-portfolio-id='1' ><div id='js_sort_items' ><div class='sort_by_cat '><a href=\"#\" data-filter=\"all_sort\" class=\"all_sort_button active_sort\"><span class=\"inner_sort_button\"><span>Wszystko<\/span><small class=\"av-cat-count\"> 8 <\/small><\/span><\/a><span class=\"text-sep drogowe_sort_sep\">\/<\/span><a href=\"#\" data-filter=\"drogowe_sort\" class=\"drogowe_sort_button\" ><span class=\"inner_sort_button\"><span>Drogowe<\/span><small class=\"av-cat-count\"> 3 <\/small><\/span><\/a><span class=\"text-sep edukacyjne_sort_sep\">\/<\/span><a href=\"#\" data-filter=\"edukacyjne_sort\" class=\"edukacyjne_sort_button\" ><span class=\"inner_sort_button\"><span>Edukacyjne<\/span><small class=\"av-cat-count\"> 2 <\/small><\/span><\/a><span class=\"text-sep infrastruktura_sort_sep\">\/<\/span><a href=\"#\" data-filter=\"infrastruktura_sort\" class=\"infrastruktura_sort_button\" ><span class=\"inner_sort_button\"><span>Infrastruktura<\/span><small class=\"av-cat-count\"> 8 <\/small><\/span><\/a><span class=\"text-sep kultura_sort_sep\">\/<\/span><a href=\"#\" data-filter=\"kultura_sort\" class=\"kultura_sort_button\" ><span class=\"inner_sort_button\"><span>Kultura<\/span><small class=\"av-cat-count\"> 1 <\/small><\/span><\/a><span class=\"text-sep spoleczne_sort_sep\">\/<\/span><a href=\"#\" data-filter=\"spoleczne_sort\" class=\"spoleczne_sort_button\" ><span class=\"inner_sort_button\"><span>Spo\u0142eczne<\/span><small class=\"av-cat-count\"> 2 <\/small><\/span><\/a><span class=\"text-sep sportowe_sort_sep\">\/<\/span><a href=\"#\" data-filter=\"sportowe_sort\" class=\"sportowe_sort_button\" ><span class=\"inner_sort_button\"><span>Sportowe<\/span><small class=\"av-cat-count\"> 3 <\/small><\/span><\/a><span class=\"text-sep trwajace_sort_sep\">\/<\/span><a href=\"#\" data-filter=\"trwajace_sort\" class=\"trwajace_sort_button\" ><span class=\"inner_sort_button\"><span>Trwaj\u0105ce<\/span><small class=\"av-cat-count\"> 7 <\/small><\/span><\/a><span class=\"text-sep zakonczone_sort_sep\">\/<\/span><a href=\"#\" data-filter=\"zakonczone_sort\" class=\"zakonczone_sort_button\" ><span class=\"inner_sort_button\"><span>Zako\u0144czone<\/span><small class=\"av-cat-count\"> 1 <\/small><\/span><\/a><\/div><\/div><\/div><div  class=' grid-sort-container isotope   no_margin-container with-title-container grid-total-even grid-col-2 grid-links-' data-portfolio-id='1'><div data-ajax-id='3818' class=' grid-entry flex_column isotope-item all_sort no_margin post-entry post-entry-3818 grid-entry-overview grid-loop-1 grid-parity-odd  drogowe_sort infrastruktura_sort trwajace_sort  av_one_half first default_av_fullwidth '><article class='main_color inner-entry'  itemscope=\"itemscope\" itemtype=\"https:\/\/schema.org\/CreativeWork\" ><a href=\"https:\/\/ubych.pl\/index.php\/portfolio-item\/przebudowa-tunelu-pod-ul-slaska-oraz-montaz-windy\/\" title='Przebudowa tunelu pod ul. \u015al\u0105sk\u0105 oraz monta\u017c windy'  data-rel='grid-1' class='grid-image avia-hover-fx'> <img decoding=\"async\" width=\"495\" height=\"400\" src=\"https:\/\/ubych.pl\/wp-content\/uploads\/2024\/03\/Slaska-495x400.jpeg\" class=\"wp-image-3819 avia-img-lazy-loading-not-3819 attachment-portfolio size-portfolio wp-post-image\" alt=\"\" srcset=\"https:\/\/ubych.pl\/wp-content\/uploads\/2024\/03\/Slaska-495x400.jpeg 495w, https:\/\/ubych.pl\/wp-content\/uploads\/2024\/03\/Slaska-845x684.jpeg 845w\" sizes=\"(max-width: 495px) 100vw, 495px\" \/><\/a><div class='grid-content'><div class='avia-arrow'><\/div><header class=\"entry-content-header\"><h3 class='grid-entry-title entry-title '  itemprop=\"headline\" ><a href='https:\/\/ubych.pl\/index.php\/portfolio-item\/przebudowa-tunelu-pod-ul-slaska-oraz-montaz-windy\/' title='Przebudowa tunelu pod ul. \u015al\u0105sk\u0105 oraz monta\u017c windy'>Przebudowa tunelu pod ul. \u015al\u0105sk\u0105 oraz monta\u017c windy<\/a><\/h3><\/header><\/div><footer class=\"entry-footer\"><\/footer><\/article><\/div><div data-ajax-id='3815' class=' grid-entry flex_column isotope-item all_sort no_margin post-entry post-entry-3815 grid-entry-overview grid-loop-2 grid-parity-even  drogowe_sort infrastruktura_sort trwajace_sort  av_one_half  default_av_fullwidth '><article class='main_color inner-entry'  itemscope=\"itemscope\" itemtype=\"https:\/\/schema.org\/CreativeWork\" ><a href=\"https:\/\/ubych.pl\/index.php\/portfolio-item\/oswietlenie-ul-krauzego-od-szewczenki-do-nowej-chwarznienskiej\/\" title='O\u015bwietlenie ul. Krauzego od Szewczenki do Nowej Chwarznie\u0144skiej'  data-rel='grid-1' class='grid-image avia-hover-fx'> <img decoding=\"async\" width=\"495\" height=\"400\" src=\"https:\/\/ubych.pl\/wp-content\/uploads\/2024\/03\/Zrzut-ekranu-2024-03-23-o-17.33.11-495x400.png\" class=\"wp-image-3816 avia-img-lazy-loading-not-3816 attachment-portfolio size-portfolio wp-post-image\" alt=\"\" srcset=\"https:\/\/ubych.pl\/wp-content\/uploads\/2024\/03\/Zrzut-ekranu-2024-03-23-o-17.33.11-495x400.png 495w, https:\/\/ubych.pl\/wp-content\/uploads\/2024\/03\/Zrzut-ekranu-2024-03-23-o-17.33.11-845x684.png 845w\" sizes=\"(max-width: 495px) 100vw, 495px\" \/><\/a><div class='grid-content'><div class='avia-arrow'><\/div><header class=\"entry-content-header\"><h3 class='grid-entry-title entry-title '  itemprop=\"headline\" ><a href='https:\/\/ubych.pl\/index.php\/portfolio-item\/oswietlenie-ul-krauzego-od-szewczenki-do-nowej-chwarznienskiej\/' title='O\u015bwietlenie ul. Krauzego od Szewczenki do Nowej Chwarznie\u0144skiej'>O\u015bwietlenie ul. Krauzego od Szewczenki do Nowej Chwarznie\u0144skiej<\/a><\/h3><\/header><\/div><footer class=\"entry-footer\"><\/footer><\/article><\/div><div data-ajax-id='3810' class=' grid-entry flex_column isotope-item all_sort no_margin post-entry post-entry-3810 grid-entry-overview grid-loop-3 grid-parity-odd  infrastruktura_sort kultura_sort spoleczne_sort sportowe_sort trwajace_sort  av_one_half first default_av_fullwidth '><article class='main_color inner-entry'  itemscope=\"itemscope\" itemtype=\"https:\/\/schema.org\/CreativeWork\" ><a href=\"https:\/\/ubych.pl\/index.php\/portfolio-item\/budowa-kompleksu-rekreacyjnego-przy-ii-mps\/\" title='Budowa kompleksu rekreacyjnego przy II MPS'  data-rel='grid-1' class='grid-image avia-hover-fx'> <img decoding=\"async\" width=\"495\" height=\"400\" src=\"https:\/\/ubych.pl\/wp-content\/uploads\/2024\/03\/dd2e56c2a789800eaaf4a7f64817f881-495x400.jpg\" class=\"wp-image-3811 avia-img-lazy-loading-not-3811 attachment-portfolio size-portfolio wp-post-image\" alt=\"\" srcset=\"https:\/\/ubych.pl\/wp-content\/uploads\/2024\/03\/dd2e56c2a789800eaaf4a7f64817f881-495x400.jpg 495w, https:\/\/ubych.pl\/wp-content\/uploads\/2024\/03\/dd2e56c2a789800eaaf4a7f64817f881-845x684.jpg 845w\" sizes=\"(max-width: 495px) 100vw, 495px\" \/><\/a><div class='grid-content'><div class='avia-arrow'><\/div><header class=\"entry-content-header\"><h3 class='grid-entry-title entry-title '  itemprop=\"headline\" ><a href='https:\/\/ubych.pl\/index.php\/portfolio-item\/budowa-kompleksu-rekreacyjnego-przy-ii-mps\/' title='Budowa kompleksu rekreacyjnego przy II MPS'>Budowa kompleksu rekreacyjnego przy II MPS<\/a><\/h3><\/header><\/div><footer class=\"entry-footer\"><\/footer><\/article><\/div><div data-ajax-id='3804' class=' grid-entry flex_column isotope-item all_sort no_margin post-entry post-entry-3804 grid-entry-overview grid-loop-4 grid-parity-even  infrastruktura_sort trwajace_sort  av_one_half  default_av_fullwidth '><article class='main_color inner-entry'  itemscope=\"itemscope\" itemtype=\"https:\/\/schema.org\/CreativeWork\" ><a href=\"https:\/\/ubych.pl\/index.php\/portfolio-item\/oswietlenie-potok-wiczlinski-etap-2\/\" title='O\u015bwietlenie Potok Wiczli\u0144ski [etap 2]'  data-rel='grid-1' class='grid-image avia-hover-fx'> <img decoding=\"async\" width=\"495\" height=\"400\" src=\"https:\/\/ubych.pl\/wp-content\/uploads\/2024\/03\/DJI_0292-PW-495x400.jpg\" class=\"wp-image-3805 avia-img-lazy-loading-not-3805 attachment-portfolio size-portfolio wp-post-image\" alt=\"\" srcset=\"https:\/\/ubych.pl\/wp-content\/uploads\/2024\/03\/DJI_0292-PW-495x400.jpg 495w, https:\/\/ubych.pl\/wp-content\/uploads\/2024\/03\/DJI_0292-PW-845x684.jpg 845w\" sizes=\"(max-width: 495px) 100vw, 495px\" \/><\/a><div class='grid-content'><div class='avia-arrow'><\/div><header class=\"entry-content-header\"><h3 class='grid-entry-title entry-title '  itemprop=\"headline\" ><a href='https:\/\/ubych.pl\/index.php\/portfolio-item\/oswietlenie-potok-wiczlinski-etap-2\/' title='O\u015bwietlenie Potok Wiczli\u0144ski [etap 2]'>O\u015bwietlenie Potok Wiczli\u0144ski [etap 2]<\/a><\/h3><\/header><\/div><footer class=\"entry-footer\"><\/footer><\/article><\/div><div data-ajax-id='3793' class=' grid-entry flex_column isotope-item all_sort no_margin post-entry post-entry-3793 grid-entry-overview grid-loop-5 grid-parity-odd  edukacyjne_sort infrastruktura_sort trwajace_sort  av_one_half first default_av_fullwidth '><article class='main_color inner-entry'  itemscope=\"itemscope\" itemtype=\"https:\/\/schema.org\/CreativeWork\" ><a href=\"https:\/\/ubych.pl\/index.php\/portfolio-item\/termomodernizacja-sp26-dzialki-lesne\/\" title='Termomodernizacja SP26 [Dzia\u0142ki Le\u015bne]'  data-rel='grid-1' class='grid-image avia-hover-fx'> <img decoding=\"async\" width=\"495\" height=\"400\" src=\"https:\/\/ubych.pl\/wp-content\/uploads\/2024\/01\/2.-SZP-26-scaled-1-495x400.jpg\" class=\"wp-image-3788 avia-img-lazy-loading-not-3788 attachment-portfolio size-portfolio wp-post-image\" alt=\"\" srcset=\"https:\/\/ubych.pl\/wp-content\/uploads\/2024\/01\/2.-SZP-26-scaled-1-495x400.jpg 495w, https:\/\/ubych.pl\/wp-content\/uploads\/2024\/01\/2.-SZP-26-scaled-1-845x684.jpg 845w\" sizes=\"(max-width: 495px) 100vw, 495px\" \/><\/a><div class='grid-content'><div class='avia-arrow'><\/div><header class=\"entry-content-header\"><h3 class='grid-entry-title entry-title '  itemprop=\"headline\" ><a href='https:\/\/ubych.pl\/index.php\/portfolio-item\/termomodernizacja-sp26-dzialki-lesne\/' title='Termomodernizacja SP26 [Dzia\u0142ki Le\u015bne]'>Termomodernizacja SP26 [Dzia\u0142ki Le\u015bne]<\/a><\/h3><\/header><\/div><footer class=\"entry-footer\"><\/footer><\/article><\/div><div data-ajax-id='3787' class=' grid-entry flex_column isotope-item all_sort no_margin post-entry post-entry-3787 grid-entry-overview grid-loop-6 grid-parity-even  drogowe_sort infrastruktura_sort trwajace_sort  av_one_half  default_av_fullwidth '><article class='main_color inner-entry'  itemscope=\"itemscope\" itemtype=\"https:\/\/schema.org\/CreativeWork\" ><a href=\"https:\/\/ubych.pl\/index.php\/portfolio-item\/obwodnica-witomina\/\" title='Obwodnica Witomina'  data-rel='grid-1' class='grid-image avia-hover-fx'> <img decoding=\"async\" width=\"495\" height=\"400\" src=\"https:\/\/ubych.pl\/wp-content\/uploads\/2024\/01\/2f142db33a878abf5b1c657081a22487-495x400.jpg\" class=\"wp-image-3789 avia-img-lazy-loading-not-3789 attachment-portfolio size-portfolio wp-post-image\" alt=\"\" srcset=\"https:\/\/ubych.pl\/wp-content\/uploads\/2024\/01\/2f142db33a878abf5b1c657081a22487-495x400.jpg 495w, https:\/\/ubych.pl\/wp-content\/uploads\/2024\/01\/2f142db33a878abf5b1c657081a22487-845x684.jpg 845w\" sizes=\"(max-width: 495px) 100vw, 495px\" \/><\/a><div class='grid-content'><div class='avia-arrow'><\/div><header class=\"entry-content-header\"><h3 class='grid-entry-title entry-title '  itemprop=\"headline\" ><a href='https:\/\/ubych.pl\/index.php\/portfolio-item\/obwodnica-witomina\/' title='Obwodnica Witomina'>Obwodnica Witomina<\/a><\/h3><\/header><\/div><footer class=\"entry-footer\"><\/footer><\/article><\/div><div data-ajax-id='3612' class=' grid-entry flex_column isotope-item all_sort no_margin post-entry post-entry-3612 grid-entry-overview grid-loop-7 grid-parity-odd  edukacyjne_sort infrastruktura_sort sportowe_sort trwajace_sort  av_one_half first default_av_fullwidth '><article class='main_color inner-entry'  itemscope=\"itemscope\" itemtype=\"https:\/\/schema.org\/CreativeWork\" ><a href=\"https:\/\/ubych.pl\/index.php\/portfolio-item\/budowa-basenu-zso8-sp37-chwarzno-wiczlino\/\" title='Budowa basenu ZSO8\/SP37 [Chwarzno-Wiczlino]'  data-rel='grid-1' class='grid-image avia-hover-fx'> <img decoding=\"async\" width=\"495\" height=\"400\" src=\"https:\/\/ubych.pl\/wp-content\/uploads\/2023\/12\/BasenLokalizacjaPogladowa-kopia-495x400.jpg\" class=\"wp-image-3800 avia-img-lazy-loading-not-3800 attachment-portfolio size-portfolio wp-post-image\" alt=\"\" srcset=\"https:\/\/ubych.pl\/wp-content\/uploads\/2023\/12\/BasenLokalizacjaPogladowa-kopia-495x400.jpg 495w, https:\/\/ubych.pl\/wp-content\/uploads\/2023\/12\/BasenLokalizacjaPogladowa-kopia-845x684.jpg 845w\" sizes=\"(max-width: 495px) 100vw, 495px\" \/><\/a><div class='grid-content'><div class='avia-arrow'><\/div><header class=\"entry-content-header\"><h3 class='grid-entry-title entry-title '  itemprop=\"headline\" ><a href='https:\/\/ubych.pl\/index.php\/portfolio-item\/budowa-basenu-zso8-sp37-chwarzno-wiczlino\/' title='Budowa basenu ZSO8\/SP37 [Chwarzno-Wiczlino]'>Budowa basenu ZSO8\/SP37 [Chwarzno-Wiczlino]<\/a><\/h3><\/header><\/div><footer class=\"entry-footer\"><\/footer><\/article><\/div><div data-ajax-id='3657' class=' grid-entry flex_column isotope-item all_sort no_margin post-entry post-entry-3657 grid-entry-overview grid-loop-8 grid-parity-even  post-entry-last  infrastruktura_sort spoleczne_sort sportowe_sort zakonczone_sort  av_one_half  default_av_fullwidth '><article class='main_color inner-entry'  itemscope=\"itemscope\" itemtype=\"https:\/\/schema.org\/CreativeWork\" ><a href=\"https:\/\/ubych.pl\/index.php\/portfolio-item\/budowa-polany-rekreacyjnej-witomino\/\" title='Budowa polany rekreacyjnej [Witomino]'  data-rel='grid-1' class='grid-image avia-hover-fx'> <img decoding=\"async\" width=\"495\" height=\"400\" src=\"https:\/\/ubych.pl\/wp-content\/uploads\/2023\/12\/338f3da7fd08f7c76024440575f2cc4f-495x400.jpg\" class=\"wp-image-3869 avia-img-lazy-loading-not-3869 attachment-portfolio size-portfolio wp-post-image\" alt=\"\" srcset=\"https:\/\/ubych.pl\/wp-content\/uploads\/2023\/12\/338f3da7fd08f7c76024440575f2cc4f-495x400.jpg 495w, https:\/\/ubych.pl\/wp-content\/uploads\/2023\/12\/338f3da7fd08f7c76024440575f2cc4f-845x684.jpg 845w\" sizes=\"(max-width: 495px) 100vw, 495px\" \/><\/a><div class='grid-content'><div class='avia-arrow'><\/div><header class=\"entry-content-header\"><h3 class='grid-entry-title entry-title '  itemprop=\"headline\" ><a href='https:\/\/ubych.pl\/index.php\/portfolio-item\/budowa-polany-rekreacyjnej-witomino\/' title='Budowa polany rekreacyjnej [Witomino]'>Budowa polany rekreacyjnej [Witomino]<\/a><\/h3><\/header><\/div><footer class=\"entry-footer\"><\/footer><\/article><\/div><\/div><\/div>   <!--   class=\"av-portfolio-grid-sorting-container\"  --><div class='pagination-wrap  '><nav class='pagination'><span class='pagination-meta'>Strona 1 z 5<\/span><span class='current'>1<\/span><a href='https:\/\/ubych.pl\/index.php\/wp-json\/wp\/v2\/pages\/987\/?avia-element-paging=2' class='inactive next_page' >2<\/a><a href='https:\/\/ubych.pl\/index.php\/wp-json\/wp\/v2\/pages\/987\/?avia-element-paging=3' class='inactive' >3<\/a><a href='https:\/\/ubych.pl\/index.php\/wp-json\/wp\/v2\/pages\/987\/?avia-element-paging=4' class='inactive' >4<\/a><a href='https:\/\/ubych.pl\/index.php\/wp-json\/wp\/v2\/pages\/987\/?avia-element-paging=5' class='inactive' >5<\/a><\/nav>\n<\/div><\/div>\n","protected":false},"excerpt":{"rendered":"","protected":false},"author":1,"featured_media":0,"parent":2270,"menu_order":0,"comment_status":"open","ping_status":"open","template":"","meta":{"footnotes":""},"class_list":["post-987","page","type-page","status-publish","hentry"],"_links":{"self":[{"href":"https:\/\/ubych.pl\/index.php\/wp-json\/wp\/v2\/pages\/987","targetHints":{"allow":["GET"]}}],"collection":[{"href":"https:\/\/ubych.pl\/index.php\/wp-json\/wp\/v2\/pages"}],"about":[{"href":"https:\/\/ubych.pl\/index.php\/wp-json\/wp\/v2\/types\/page"}],"author":[{"embeddable":true,"href":"https:\/\/ubych.pl\/index.php\/wp-json\/wp\/v2\/users\/1"}],"replies":[{"embeddable":true,"href":"https:\/\/ubych.pl\/index.php\/wp-json\/wp\/v2\/comments?post=987"}],"version-history":[{"count":0,"href":"https:\/\/ubych.pl\/index.php\/wp-json\/wp\/v2\/pages\/987\/revisions"}],"up":[{"embeddable":true,"href":"https:\/\/ubych.pl\/index.php\/wp-json\/wp\/v2\/pages\/2270"}],"wp:attachment":[{"href":"https:\/\/ubych.pl\/index.php\/wp-json\/wp\/v2\/media?parent=987"}],"curies":[{"name":"wp","href":"https:\/\/api.w.org\/{rel}","templated":true}]}}